{"id":101,"date":"2010-03-30T23:23:57","date_gmt":"2010-03-30T22:23:57","guid":{"rendered":"http:\/\/www.patalla.de\/wordpress\/?page_id=101"},"modified":"2015-11-25T15:05:30","modified_gmt":"2015-11-25T13:05:30","slug":"referenliste","status":"publish","type":"page","link":"http:\/\/www.patalla.de\/?page_id=101","title":{"rendered":"Referenzliste"},"content":{"rendered":"<p><strong>Auszug<\/strong><\/p>\n<p><strong>Aktuell in Bearbeitung:<\/strong><\/p>\n<p>&nbsp;<\/p>\n<p><a href=\"http:\/\/www.patalla.de\/wordpress\/wp-content\/uploads\/2010\/03\/10-Familien-Wohnanlage.png\"><img loading=\"lazy\" decoding=\"async\" class=\"alignnone size-full wp-image-358\" src=\"http:\/\/www.patalla.de\/wordpress\/wp-content\/uploads\/2010\/03\/10-Familien-Wohnanlage.png\" alt=\"10-Familien-Wohnanlage\" width=\"250\" height=\"100\" \/><\/a><\/p>\n<p>10-Familien-Wohnanlage mit Tiefgarage,<br \/>\nMannheim (2015)<\/p>\n<p>&nbsp;<\/p>\n<p><a href=\"http:\/\/www.patalla.de\/wordpress\/wp-content\/uploads\/2010\/03\/1400_wespinstift_mannheim.png\"><img loading=\"lazy\" decoding=\"async\" title=\"Stark- u. Schwachstrom, ELA, BMA\" src=\"http:\/\/www.patalla.de\/wordpress\/wp-content\/uploads\/2010\/03\/1400_wespinstift_mannheim.png\" alt=\"\" width=\"250\" height=\"124\" \/><\/a><\/p>\n<p>Erweiterung der BMA in 7 H\u00e4usern der gesamten<br \/>\nWohnanlage des Kinder- und Jugendheims,<br \/>\nMannheim (2015)<\/p>\n<p>&nbsp;<\/p>\n<p style=\"text-align: left;\"><strong>Abgeschlossenen Projekte:<\/strong><\/p>\n<div style=\"text-align: left;\">\n<dl>\n<dt><a href=\"http:\/\/www.patalla.de\/wordpress\/wp-content\/uploads\/2010\/03\/Otzberg.png\"><img loading=\"lazy\" decoding=\"async\" class=\"size-full wp-image-334 alignleft\" src=\"http:\/\/www.patalla.de\/wordpress\/wp-content\/uploads\/2010\/03\/Otzberg.png\" alt=\"Otzberg\" width=\"250\" height=\"92\" \/><\/a><\/dt>\n<\/dl>\n<\/div>\n<p><span style=\"color: #0000ee;\">\u00a0<\/span><\/p>\n<p>&nbsp;<\/p>\n<p>&nbsp;<\/p>\n<p>&nbsp;<\/p>\n<p>&nbsp;<\/p>\n<p>Erweiterung der KiTa Otzberg (2015)<\/p>\n<p>&nbsp;<\/p>\n<dl>\n<dd><\/dd>\n<dd><\/dd>\n<dd><\/dd>\n<dd><\/dd>\n<dd><\/dd>\n<\/dl>\n<p><a href=\"http:\/\/www.patalla.de\/wordpress\/wp-content\/uploads\/2013\/07\/Avant_Geb\u00e4ude_Eppertshausen.jpg\"><img loading=\"lazy\" decoding=\"async\" class=\" wp-image-301 \" title=\"Avant Geb\u00e4ude Eppertshausen\" src=\"http:\/\/www.patalla.de\/wordpress\/wp-content\/uploads\/2013\/07\/Avant_Geb\u00e4ude_Eppertshausen-300x225.jpg\" alt=\"Neubau Verkaufshalle mit B\u00fcro, Werkstatt und Lager - Eppertshausen\" width=\"250\" height=\"190\" \/><\/a><\/p>\n<p style=\"text-align: left;\">Showroom, Werkstatt, Verkaufsraum<br \/>\nin Eppertshausen<\/p>\n<p>&nbsp;<\/p>\n<dl>\n<dt><a href=\"http:\/\/www.patalla.de\/wordpress\/wp-content\/uploads\/2013\/07\/Spatenstich_Schwimmbad_Oberzentschule-jpg.jpg\"><img loading=\"lazy\" decoding=\"async\" title=\"Schwimmbad Oberzentschule\" src=\"http:\/\/www.patalla.de\/wordpress\/wp-content\/uploads\/2013\/07\/Spatenstich_Schwimmbad_Oberzentschule-jpg-300x203.jpg\" alt=\"Spatenstich Schwimmbad Oberzentschule Beerfelden\" width=\"250\" height=\"193\" \/><\/a><\/dt>\n<dt><\/dt>\n<dt><\/dt>\n<\/dl>\n<p>Schulschwimmbad der\u00a0Oberzentschule<br \/>\nBeerfelden (Spatenstich 2013),<br \/>\ninzwischen fertiggestellt.<\/p>\n<p>&nbsp;<\/p>\n<p><a href=\"http:\/\/www.patalla.de\/wordpress\/wp-content\/uploads\/2010\/03\/Birkenhof.jpg\"><img loading=\"lazy\" decoding=\"async\" src=\"http:\/\/www.patalla.de\/wordpress\/wp-content\/uploads\/2010\/03\/Birkenhof.jpg\" alt=\"Birkenhof\" width=\"250\" height=\"133\" \/><\/a><\/p>\n<p>Seniorenheim Birkenhof, \u00a0Seeheim-Jugenheim<br \/>\n(2015)<\/p>\n<p>&nbsp;<\/p>\n<p><a href=\"http:\/\/www.patalla.de\/wordpress\/wp-content\/uploads\/2010\/03\/relexa.jpeg\"><img loading=\"lazy\" decoding=\"async\" class=\"alignnone size-full wp-image-341\" src=\"http:\/\/www.patalla.de\/wordpress\/wp-content\/uploads\/2010\/03\/relexa.jpeg\" alt=\"relexa\" width=\"250\" height=\"249\" srcset=\"http:\/\/www.patalla.de\/wp-content\/uploads\/2010\/03\/relexa.jpeg 250w, http:\/\/www.patalla.de\/wp-content\/uploads\/2010\/03\/relexa-150x150.jpeg 150w\" sizes=\"auto, (max-width: 250px) 100vw, 250px\" \/><\/a><\/p>\n<p>Relexa Hotel, M\u00fcnchen (2015)<\/p>\n<p>&nbsp;<\/p>\n<p><a href=\"http:\/\/www.patalla.de\/wordpress\/wp-content\/uploads\/2010\/03\/Kompaktblock.jpg\"><img loading=\"lazy\" decoding=\"async\" title=\"Kompaktblock\" src=\"http:\/\/www.patalla.de\/wordpress\/wp-content\/uploads\/2010\/03\/Kompaktblock.jpg\" alt=\"Wohnblock mit 76 Wohneinheiten u. Gro\u00dfgarage, Neu-Ulm\" width=\"250\" height=\"134\" \/><\/a><\/p>\n<p>Wohnblock mit 76 Wohneinheiten u.<br \/>\nGro\u00dfgarage, Neu-Ulm<\/p>\n<p><a href=\"http:\/\/www.patalla.de\/wordpress\/wp-content\/uploads\/2013\/07\/Feuerwehr_Beerfelden.jpg\"><img loading=\"lazy\" decoding=\"async\" title=\"Feuerwehrhaus Beerfelden\" src=\"http:\/\/www.patalla.de\/wordpress\/wp-content\/uploads\/2013\/07\/Feuerwehr_Beerfelden.jpg\" alt=\"Feuerwehrhaus Beerfelden\" width=\"250\" height=\"190\" \/><\/a><\/p>\n<div>\n<dl id=\"attachment_307\">\n<dd>Feuerwehrhaus Beerfelden<\/dd>\n<\/dl>\n<\/div>\n<p><a href=\"http:\/\/www.patalla.de\/wordpress\/wp-content\/uploads\/2010\/03\/Hauser_Trucks1.jpg\"><img loading=\"lazy\" decoding=\"async\" class=\"size-full wp-image-265\" title=\"Hauser Trucks\" src=\"http:\/\/www.patalla.de\/wordpress\/wp-content\/uploads\/2010\/03\/Hauser_Trucks1.jpg\" alt=\"LKW-Lagerhalle mit Werkstatt, Eppertshausen\" width=\"250\" height=\"127\" \/><\/a><\/p>\n<dl id=\"attachment_265\" class=\"wp-caption alignnone\" style=\"width: 260px;\">\n<dd class=\"wp-caption-dd\">LKW-Lagerhalle mit Werkstatt, Eppertshausen<\/dd>\n<\/dl>\n<figure id=\"attachment_274\" aria-describedby=\"caption-attachment-274\" style=\"width: 249px\" class=\"wp-caption alignnone\"><a href=\"http:\/\/www.patalla.de\/wordpress\/wp-content\/uploads\/2010\/03\/Wandelhalle_Bad-Koenig3.jpg\"><img loading=\"lazy\" decoding=\"async\" class=\"size-full wp-image-274\" title=\"Wandelhalle_Bad-Koenig\" src=\"http:\/\/www.patalla.de\/wordpress\/wp-content\/uploads\/2010\/03\/Wandelhalle_Bad-Koenig3.jpg\" alt=\"Wandelhalle mit Cafe, Kleinkunstb\u00fchne u. drei Mehrzweckr\u00e4ume in Bad K\u00f6nig\" width=\"249\" height=\"133\" \/><\/a><figcaption id=\"caption-attachment-274\" class=\"wp-caption-text\">Wandelhalle mit Cafe, Kleinkunstb\u00fchne u. drei Mehrzweckr\u00e4ume in Bad K\u00f6nig<\/figcaption><\/figure>\n<figure id=\"attachment_148\" aria-describedby=\"caption-attachment-148\" style=\"width: 250px\" class=\"wp-caption alignnone\"><a href=\"http:\/\/www.patalla.de\/wordpress\/wp-content\/uploads\/2010\/03\/1900_weber_logo1.png\"><img loading=\"lazy\" decoding=\"async\" class=\"size-full wp-image-148 \" title=\"Stark- u. Schwachstrom, BMA, EMA\" src=\"http:\/\/www.patalla.de\/wordpress\/wp-content\/uploads\/2010\/03\/1900_weber_logo1.png\" alt=\"\" width=\"250\" height=\"115\" \/><\/a><figcaption id=\"caption-attachment-148\" class=\"wp-caption-text\">Tabak- und Spirituosen, Logistikzentrum, Dieburg<\/figcaption><\/figure>\n<figure id=\"attachment_140\" aria-describedby=\"caption-attachment-140\" style=\"width: 250px\" class=\"wp-caption alignnone\"><a href=\"http:\/\/www.patalla.de\/wordpress\/wp-content\/uploads\/2010\/03\/1100_wb_hauptgebaeude.png\"><img loading=\"lazy\" decoding=\"async\" class=\"size-full wp-image-140 \" title=\"Stark- u. Schwachstrom, BMA\" src=\"http:\/\/www.patalla.de\/wordpress\/wp-content\/uploads\/2010\/03\/1100_wb_hauptgebaeude.png\" alt=\"\" width=\"250\" height=\"116\" \/><\/a><figcaption id=\"caption-attachment-140\" class=\"wp-caption-text\">Druckerei, Hochheim<\/figcaption><\/figure>\n<figure id=\"attachment_141\" aria-describedby=\"caption-attachment-141\" style=\"width: 250px\" class=\"wp-caption alignnone\"><a href=\"http:\/\/www.patalla.de\/wordpress\/wp-content\/uploads\/2010\/03\/1200_sealedair.png\"><img loading=\"lazy\" decoding=\"async\" class=\"size-full wp-image-141 \" title=\"Stark- u. Schwachstrom, BMA\" src=\"http:\/\/www.patalla.de\/wordpress\/wp-content\/uploads\/2010\/03\/1200_sealedair.png\" alt=\"\" width=\"250\" height=\"187\" \/><\/a><figcaption id=\"caption-attachment-141\" class=\"wp-caption-text\">Produktionshalle, Alsbach, Th\u00fcringen<\/figcaption><\/figure>\n<figure id=\"attachment_309\" aria-describedby=\"caption-attachment-309\" style=\"width: 250px\" class=\"wp-caption alignnone\"><a href=\"http:\/\/www.patalla.de\/wordpress\/wp-content\/uploads\/2013\/07\/Compusoft-Logo_Rimbach.png\"><img loading=\"lazy\" decoding=\"async\" class=\" wp-image-309 \" title=\"Compusoft Rimbach\" src=\"http:\/\/www.patalla.de\/wordpress\/wp-content\/uploads\/2013\/07\/Compusoft-Logo_Rimbach-300x149.png\" alt=\"Compusoft Rimbach\" width=\"250\" height=\"121\" \/><\/a><figcaption id=\"caption-attachment-309\" class=\"wp-caption-text\">Compusoft Rimbach<\/figcaption><\/figure>\n<figure id=\"attachment_135\" aria-describedby=\"caption-attachment-135\" style=\"width: 250px\" class=\"wp-caption alignnone\"><a href=\"http:\/\/www.patalla.de\/wordpress\/wp-content\/uploads\/2010\/03\/600_eon-logo.png\"><img loading=\"lazy\" decoding=\"async\" class=\"size-full wp-image-135 \" title=\"Kraftwerksdokumentation, CAD\/CAE Bestandsaufnahme\" src=\"http:\/\/www.patalla.de\/wordpress\/wp-content\/uploads\/2010\/03\/600_eon-logo.png\" alt=\"\" width=\"250\" height=\"142\" \/><\/a><figcaption id=\"caption-attachment-135\" class=\"wp-caption-text\">Kraftwerk<\/figcaption><\/figure>\n<figure id=\"attachment_138\" aria-describedby=\"caption-attachment-138\" style=\"width: 250px\" class=\"wp-caption alignnone\"><a href=\"http:\/\/www.patalla.de\/wordpress\/wp-content\/uploads\/2010\/03\/900_schwabe.png\"><img loading=\"lazy\" decoding=\"async\" class=\"size-full wp-image-138 \" title=\"Stark- u. Schwachstrom, ELA, BMA, Video\u00fcberwachung, EMA\" src=\"http:\/\/www.patalla.de\/wordpress\/wp-content\/uploads\/2010\/03\/900_schwabe.png\" alt=\"\" width=\"250\" height=\"158\" \/><\/a><figcaption id=\"caption-attachment-138\" class=\"wp-caption-text\">Produktionshalle, R\u00f6dermark<\/figcaption><\/figure>\n<figure id=\"attachment_137\" aria-describedby=\"caption-attachment-137\" style=\"width: 250px\" class=\"wp-caption alignnone\"><a href=\"http:\/\/www.patalla.de\/wordpress\/wp-content\/uploads\/2010\/03\/800_etm.png\"><img loading=\"lazy\" decoding=\"async\" class=\"size-full wp-image-137 \" title=\"Stark- u. Schwachstrom, BMA\" src=\"http:\/\/www.patalla.de\/wordpress\/wp-content\/uploads\/2010\/03\/800_etm.png\" alt=\"\" width=\"250\" height=\"118\" \/><\/a><figcaption id=\"caption-attachment-137\" class=\"wp-caption-text\">Produktionshalle, Lobenstein, Th\u00fcringen<\/figcaption><\/figure>\n<figure id=\"attachment_178\" aria-describedby=\"caption-attachment-178\" style=\"width: 250px\" class=\"wp-caption alignnone\"><a href=\"http:\/\/www.patalla.de\/wordpress\/wp-content\/uploads\/2010\/03\/apz_da.png\"><img loading=\"lazy\" decoding=\"async\" class=\"size-full wp-image-178\" title=\"Stark- und Schwachstrom\" src=\"http:\/\/www.patalla.de\/wordpress\/wp-content\/uploads\/2010\/03\/apz_da.png\" alt=\"\" width=\"250\" height=\"76\" \/><\/a><figcaption id=\"caption-attachment-178\" class=\"wp-caption-text\">Autopflegezentren in Darmstadt und in Schw\u00e4bisch-Gm\u00fcnd<\/figcaption><\/figure>\n<figure id=\"attachment_144\" aria-describedby=\"caption-attachment-144\" style=\"width: 250px\" class=\"wp-caption alignnone\"><a href=\"http:\/\/www.patalla.de\/wordpress\/wp-content\/uploads\/2010\/03\/1500_sca-packaging.png\"><img loading=\"lazy\" decoding=\"async\" class=\"size-full wp-image-144 \" title=\"Stark- u. Schwachstrom\" src=\"http:\/\/www.patalla.de\/wordpress\/wp-content\/uploads\/2010\/03\/1500_sca-packaging.png\" alt=\"\" width=\"250\" height=\"61\" \/><\/a><figcaption id=\"caption-attachment-144\" class=\"wp-caption-text\">Produktionshalle, Hanau<\/figcaption><\/figure>\n<figure id=\"attachment_146\" aria-describedby=\"caption-attachment-146\" style=\"width: 250px\" class=\"wp-caption alignnone\"><a href=\"http:\/\/www.patalla.de\/wordpress\/wp-content\/uploads\/2010\/03\/1700_atz-markt.png\"><img loading=\"lazy\" decoding=\"async\" class=\"size-full wp-image-146 \" title=\"Stark- und Schwachstrom, BMA\" src=\"http:\/\/www.patalla.de\/wordpress\/wp-content\/uploads\/2010\/03\/1700_atz-markt.png\" alt=\"\" width=\"250\" height=\"32\" \/><\/a><figcaption id=\"caption-attachment-146\" class=\"wp-caption-text\">Autoteilezubeh\u00f6r, Zentrallager und Shop, Darmstadt<\/figcaption><\/figure>\n<figure id=\"attachment_134\" aria-describedby=\"caption-attachment-134\" style=\"width: 250px\" class=\"wp-caption alignnone\"><a href=\"http:\/\/www.patalla.de\/wordpress\/wp-content\/uploads\/2010\/03\/500_eon_staudinger.png\"><img loading=\"lazy\" decoding=\"async\" class=\"size-full wp-image-134 \" title=\"Kraftwerksdokumentation, CAD\/CAE Bestandsaufnahme\" src=\"http:\/\/www.patalla.de\/wordpress\/wp-content\/uploads\/2010\/03\/500_eon_staudinger.png\" alt=\"\" width=\"250\" height=\"366\" srcset=\"http:\/\/www.patalla.de\/wp-content\/uploads\/2010\/03\/500_eon_staudinger.png 250w, http:\/\/www.patalla.de\/wp-content\/uploads\/2010\/03\/500_eon_staudinger-204x300.png 204w\" sizes=\"auto, (max-width: 250px) 100vw, 250px\" \/><\/a><figcaption id=\"caption-attachment-134\" class=\"wp-caption-text\">Kraftwerk Staudinger, Hanau<\/figcaption><\/figure>\n<figure id=\"attachment_142\" aria-describedby=\"caption-attachment-142\" style=\"width: 250px\" class=\"wp-caption alignnone\"><a href=\"http:\/\/www.patalla.de\/wordpress\/wp-content\/uploads\/2010\/03\/1300_alte_turnhalle.png\"><img loading=\"lazy\" decoding=\"async\" class=\"size-full wp-image-142 \" title=\"Stark- u. Schwachstrom, ELA, BMA, B\u00fchnentechnik\" src=\"http:\/\/www.patalla.de\/wordpress\/wp-content\/uploads\/2010\/03\/1300_alte_turnhalle.png\" alt=\"\" width=\"250\" height=\"197\" \/><\/a><figcaption id=\"caption-attachment-142\" class=\"wp-caption-text\">Erweiterungsneubau Historische &#8222;Alte Turnhalle&#8220;, Beerfelden<\/figcaption><\/figure>\n<figure id=\"attachment_143\" aria-describedby=\"caption-attachment-143\" style=\"width: 250px\" class=\"wp-caption alignnone\"><a href=\"http:\/\/www.patalla.de\/wordpress\/wp-content\/uploads\/2010\/03\/1400_wespinstift_mannheim.png\"><img loading=\"lazy\" decoding=\"async\" class=\"size-full wp-image-143 \" title=\"Stark- u. Schwachstrom, ELA, BMA\" src=\"http:\/\/www.patalla.de\/wordpress\/wp-content\/uploads\/2010\/03\/1400_wespinstift_mannheim.png\" alt=\"\" width=\"250\" height=\"124\" \/><\/a><figcaption id=\"caption-attachment-143\" class=\"wp-caption-text\">Kinder- und Jugendheim,\u00a0 Mannheim<\/figcaption><\/figure>\n<figure id=\"attachment_139\" aria-describedby=\"caption-attachment-139\" style=\"width: 250px\" class=\"wp-caption alignnone\"><a href=\"http:\/\/www.patalla.de\/wordpress\/wp-content\/uploads\/2010\/03\/1000_bender_logo.png\"><img loading=\"lazy\" decoding=\"async\" class=\"size-full wp-image-139 \" title=\"Stark- u. Schwachstrom\" src=\"http:\/\/www.patalla.de\/wordpress\/wp-content\/uploads\/2010\/03\/1000_bender_logo.png\" alt=\"\" width=\"250\" height=\"79\" \/><\/a><figcaption id=\"caption-attachment-139\" class=\"wp-caption-text\">Druckerei, Bender, Taunus<\/figcaption><\/figure>\n<figure id=\"attachment_136\" aria-describedby=\"caption-attachment-136\" style=\"width: 250px\" class=\"wp-caption alignnone\"><a href=\"http:\/\/www.patalla.de\/wordpress\/wp-content\/uploads\/2010\/03\/700_800px-infraserv_h\u00f6chst_logo.svg_.png\"><img loading=\"lazy\" decoding=\"async\" class=\"size-full wp-image-136 \" title=\"Stark- u. Schwachstrom\" src=\"http:\/\/www.patalla.de\/wordpress\/wp-content\/uploads\/2010\/03\/700_800px-infraserv_h\u00f6chst_logo.svg_.png\" alt=\"\" width=\"250\" height=\"148\" \/><\/a><figcaption id=\"caption-attachment-136\" class=\"wp-caption-text\">Produktionshalle, H\u00f6chst<\/figcaption><\/figure>\n<p><span style=\"color: #ffffff;\">.<\/span><\/p>\n<p><a href=\"http:\/\/www.patalla.de\/wordpress\/wp-content\/uploads\/2013\/07\/KiTa_Beefelden.jpg\"><img loading=\"lazy\" decoding=\"async\" class=\" wp-image-306 \" title=\"KiTa Beefelden\" src=\"http:\/\/www.patalla.de\/wordpress\/wp-content\/uploads\/2013\/07\/KiTa_Beefelden.jpg\" alt=\"KiTa Beefelden\" width=\"250\" height=\"190\" \/><\/a><\/p>\n<dl id=\"attachment_306\" class=\"wp-caption alignnone\" style=\"width: 260px;\">\n<dd class=\"wp-caption-dd\">Kindertagesst\u00e4tte Beefelden<\/dd>\n<\/dl>\n<p>&nbsp;<\/p>\n<figure id=\"attachment_305\" aria-describedby=\"caption-attachment-305\" style=\"width: 250px\" class=\"wp-caption alignnone\"><a href=\"http:\/\/www.patalla.de\/wordpress\/wp-content\/uploads\/2013\/07\/KiTa_unterm_Regenbogen_Kirchbrombach.jpg\"><img loading=\"lazy\" decoding=\"async\" class=\" wp-image-305 \" title=\"KiTa unterm Regenbogen Kirchbrombach\" src=\"http:\/\/www.patalla.de\/wordpress\/wp-content\/uploads\/2013\/07\/KiTa_unterm_Regenbogen_Kirchbrombach-300x199.jpg\" alt=\"KiTa unterm Regenbogen Kirchbrombach\" width=\"250\" height=\"149\" \/><\/a><figcaption id=\"caption-attachment-305\" class=\"wp-caption-text\">Kindertagesst\u00e4tte unterm Regenbogen Kirchbrombach<\/figcaption><\/figure>\n<figure id=\"attachment_164\" aria-describedby=\"caption-attachment-164\" style=\"width: 250px\" class=\"wp-caption alignnone\"><a href=\"http:\/\/www.patalla.de\/wordpress\/wp-content\/uploads\/2010\/03\/gs_bad_koenig_2.png\"><img loading=\"lazy\" decoding=\"async\" class=\"size-full wp-image-164 \" title=\"Stark- u. Schwachstrom, ELA, BMA\" src=\"http:\/\/www.patalla.de\/wordpress\/wp-content\/uploads\/2010\/03\/gs_bad_koenig_2.png\" alt=\"Grundschule Bad K\u00f6nig\" width=\"250\" height=\"161\" \/><\/a><figcaption id=\"caption-attachment-164\" class=\"wp-caption-text\">Grundschule Bad K\u00f6nig<\/figcaption><\/figure>\n<figure id=\"attachment_163\" aria-describedby=\"caption-attachment-163\" style=\"width: 250px\" class=\"wp-caption alignnone\"><a href=\"http:\/\/www.patalla.de\/wordpress\/wp-content\/uploads\/2010\/03\/gs_beerfelden-stried.png\"><img loading=\"lazy\" decoding=\"async\" class=\"size-full wp-image-163 \" title=\"Stark- u. Schwachstrom, ELA, BMA\" src=\"http:\/\/www.patalla.de\/wordpress\/wp-content\/uploads\/2010\/03\/gs_beerfelden-stried.png\" alt=\"\" width=\"250\" height=\"163\" \/><\/a><figcaption id=\"caption-attachment-163\" class=\"wp-caption-text\">Grundschule In der Stried, Beerfelden<\/figcaption><\/figure>\n<figure id=\"attachment_165\" aria-describedby=\"caption-attachment-165\" style=\"width: 250px\" class=\"wp-caption alignnone\"><a href=\"http:\/\/www.patalla.de\/wordpress\/wp-content\/uploads\/2010\/03\/gs_beerfurth.png\"><img loading=\"lazy\" decoding=\"async\" class=\"size-full wp-image-165 \" title=\"Stark- u. Schwachstrom, ELA, BMA\" src=\"http:\/\/www.patalla.de\/wordpress\/wp-content\/uploads\/2010\/03\/gs_beerfurth.png\" alt=\"\" width=\"250\" height=\"163\" \/><\/a><figcaption id=\"caption-attachment-165\" class=\"wp-caption-text\">Grundschule Beerfurth<\/figcaption><\/figure>\n<figure id=\"attachment_166\" aria-describedby=\"caption-attachment-166\" style=\"width: 250px\" class=\"wp-caption alignnone\"><a href=\"http:\/\/www.patalla.de\/wordpress\/wp-content\/uploads\/2010\/03\/gs_brombachtal.png\"><img loading=\"lazy\" decoding=\"async\" class=\"size-full wp-image-166 \" title=\"Stark- u. Schwachstrom, ELA, BMA\" src=\"http:\/\/www.patalla.de\/wordpress\/wp-content\/uploads\/2010\/03\/gs_brombachtal.png\" alt=\"\" width=\"250\" height=\"161\" \/><\/a><figcaption id=\"caption-attachment-166\" class=\"wp-caption-text\">Grundschule Brombachtal<\/figcaption><\/figure>\n<figure id=\"attachment_167\" aria-describedby=\"caption-attachment-167\" style=\"width: 250px\" class=\"wp-caption alignnone\"><a href=\"http:\/\/www.patalla.de\/wordpress\/wp-content\/uploads\/2010\/03\/gs_rai-breitenbach.png\"><img loading=\"lazy\" decoding=\"async\" class=\"size-full wp-image-167 \" title=\"Stark- u. Schwachstrom, ELA, BMA, B\u00fchnentechnik\" src=\"http:\/\/www.patalla.de\/wordpress\/wp-content\/uploads\/2010\/03\/gs_rai-breitenbach.png\" alt=\"\" width=\"250\" height=\"163\" \/><\/a><figcaption id=\"caption-attachment-167\" class=\"wp-caption-text\">Gesamtschule Rai-Breitenbach<\/figcaption><\/figure>\n<figure id=\"attachment_169\" aria-describedby=\"caption-attachment-169\" style=\"width: 250px\" class=\"wp-caption alignnone\"><a href=\"http:\/\/www.patalla.de\/wordpress\/wp-content\/uploads\/2010\/03\/gs_seckmauern.png\"><img loading=\"lazy\" decoding=\"async\" class=\"size-full wp-image-169 \" title=\"Stark- u. Schwachstrom, ELA, BMA\" src=\"http:\/\/www.patalla.de\/wordpress\/wp-content\/uploads\/2010\/03\/gs_seckmauern.png\" alt=\"\" width=\"250\" height=\"152\" \/><\/a><figcaption id=\"caption-attachment-169\" class=\"wp-caption-text\">Grundschule Seckmauern<\/figcaption><\/figure>\n","protected":false},"excerpt":{"rendered":"<p>Auszug Aktuell in Bearbeitung: &nbsp; 10-Familien-Wohnanlage mit Tiefgarage, Mannheim (2015) &nbsp; Erweiterung der BMA in 7 H\u00e4usern der gesamten Wohnanlage des Kinder- und Jugendheims, Mannheim (2015) &nbsp; Abgeschlossenen Projekte: \u00a0 &nbsp; &nbsp; &nbsp; &nbsp; Erweiterung der KiTa Otzberg (2015) &nbsp; Showroom, Werkstatt, Verkaufsraum in Eppertshausen &nbsp; Schulschwimmbad der\u00a0Oberzentschule Beerfelden (Spatenstich 2013), inzwischen fertiggestellt. &nbsp; Seniorenheim [&hellip;]<\/p>\n","protected":false},"author":1,"featured_media":0,"parent":0,"menu_order":5,"comment_status":"closed","ping_status":"closed","template":"","meta":{"footnotes":""},"class_list":["post-101","page","type-page","status-publish","hentry"],"_links":{"self":[{"href":"http:\/\/www.patalla.de\/index.php?rest_route=\/wp\/v2\/pages\/101","targetHints":{"allow":["GET"]}}],"collection":[{"href":"http:\/\/www.patalla.de\/index.php?rest_route=\/wp\/v2\/pages"}],"about":[{"href":"http:\/\/www.patalla.de\/index.php?rest_route=\/wp\/v2\/types\/page"}],"author":[{"embeddable":true,"href":"http:\/\/www.patalla.de\/index.php?rest_route=\/wp\/v2\/users\/1"}],"replies":[{"embeddable":true,"href":"http:\/\/www.patalla.de\/index.php?rest_route=%2Fwp%2Fv2%2Fcomments&post=101"}],"version-history":[{"count":106,"href":"http:\/\/www.patalla.de\/index.php?rest_route=\/wp\/v2\/pages\/101\/revisions"}],"predecessor-version":[{"id":385,"href":"http:\/\/www.patalla.de\/index.php?rest_route=\/wp\/v2\/pages\/101\/revisions\/385"}],"wp:attachment":[{"href":"http:\/\/www.patalla.de\/index.php?rest_route=%2Fwp%2Fv2%2Fmedia&parent=101"}],"curies":[{"name":"wp","href":"https:\/\/api.w.org\/{rel}","templated":true}]}}