{"id":15,"date":"2010-03-30T20:31:29","date_gmt":"2010-03-30T18:31:29","guid":{"rendered":"http:\/\/www.patalla.de\/wordpress\/?page_id=15"},"modified":"2017-04-03T12:41:24","modified_gmt":"2017-04-03T10:41:24","slug":"wir-konnen-zuruckblicken-auf-die-planung-von","status":"publish","type":"page","link":"http:\/\/www.patalla.de\/?page_id=15","title":{"rendered":"Was wir f\u00fcr Sie tun"},"content":{"rendered":"<p><strong>Wir boten uns an Ihnen zu helfen bei der:<\/strong><\/p>\n<ul>\n<li>Grundlagenermittlung<\/li>\n<li>Vorplanung<\/li>\n<li>Entwurfsplanung<\/li>\n<li>Ausf\u00fchrungsplanung (Installations- und Verteilerpl\u00e4ne, Strangschemen etc.)<\/li>\n<li>Vorbereitung der Vergabe (Erstellung der Leistungsverzeichnisse)<\/li>\n<li>Mitwirkung der Vergabe (Angebotspr\u00fcfung, Bietervergleich)<\/li>\n<li>Objekt\u00fcberwachung (Bau-\/Ausf\u00fchrungs\u00fcberwachung, Aufma\u00df, Rechnungs-<br \/>\npr\u00fcfung etc.), alles bis zur Fertigstellung des entsprechenden Objektes<\/li>\n<\/ul>\n","protected":false},"excerpt":{"rendered":"<p>Wir boten uns an Ihnen zu helfen bei der: Grundlagenermittlung Vorplanung Entwurfsplanung Ausf\u00fchrungsplanung (Installations- und Verteilerpl\u00e4ne, Strangschemen etc.) Vorbereitung der Vergabe (Erstellung der Leistungsverzeichnisse) Mitwirkung der Vergabe (Angebotspr\u00fcfung, Bietervergleich) Objekt\u00fcberwachung (Bau-\/Ausf\u00fchrungs\u00fcberwachung, Aufma\u00df, Rechnungs- pr\u00fcfung etc.), alles bis zur Fertigstellung des entsprechenden Objektes<\/p>\n","protected":false},"author":1,"featured_media":0,"parent":0,"menu_order":4,"comment_status":"closed","ping_status":"closed","template":"","meta":{"footnotes":""},"class_list":["post-15","page","type-page","status-publish","hentry"],"_links":{"self":[{"href":"http:\/\/www.patalla.de\/index.php?rest_route=\/wp\/v2\/pages\/15","targetHints":{"allow":["GET"]}}],"collection":[{"href":"http:\/\/www.patalla.de\/index.php?rest_route=\/wp\/v2\/pages"}],"about":[{"href":"http:\/\/www.patalla.de\/index.php?rest_route=\/wp\/v2\/types\/page"}],"author":[{"embeddable":true,"href":"http:\/\/www.patalla.de\/index.php?rest_route=\/wp\/v2\/users\/1"}],"replies":[{"embeddable":true,"href":"http:\/\/www.patalla.de\/index.php?rest_route=%2Fwp%2Fv2%2Fcomments&post=15"}],"version-history":[{"count":23,"href":"http:\/\/www.patalla.de\/index.php?rest_route=\/wp\/v2\/pages\/15\/revisions"}],"predecessor-version":[{"id":391,"href":"http:\/\/www.patalla.de\/index.php?rest_route=\/wp\/v2\/pages\/15\/revisions\/391"}],"wp:attachment":[{"href":"http:\/\/www.patalla.de\/index.php?rest_route=%2Fwp%2Fv2%2Fmedia&parent=15"}],"curies":[{"name":"wp","href":"https:\/\/api.w.org\/{rel}","templated":true}]}}