{"id":2,"date":"2010-03-30T15:42:38","date_gmt":"2010-03-30T13:42:38","guid":{"rendered":"http:\/\/www.patalla.de\/wordpress\/?page_id=2"},"modified":"2017-04-03T12:41:16","modified_gmt":"2017-04-03T10:41:16","slug":"eine-seite","status":"publish","type":"page","link":"http:\/\/www.patalla.de\/?page_id=2","title":{"rendered":"Planungsb\u00fcro"},"content":{"rendered":"<p><strong>Wir planten \u00fcber 27 Jahre im Bereich der Geb\u00e4udetechnik die komplette Elektroinstallation und projektieren unter anderem alle nachgenannten elektrotechnischen Anlagen:<\/strong><\/p>\n<ul>\n<li>Mittelspannungsanlagen<\/li>\n<li>Niederspannungsanlagen<\/li>\n<li>Trafostationen<\/li>\n<li>Zentrale Geb\u00e4udeleittechnik<\/li>\n<li>Beleuchtungsanlagen<\/li>\n<li>Sicherheitstechnik (Einbruch- u. Gefahrenmeldeanlagen)<\/li>\n<li>Sicherheitsbeleuchtungsanlagen<\/li>\n<li>Netzersatzanlagen<\/li>\n<li>Lichtrufanlagen<\/li>\n<li>Fernmeldeanlagen<\/li>\n<li>Sprechanlagen<\/li>\n<li>Brandmeldeanlagen (BMA)<\/li>\n<li>Erdungs- u. Blitzschutzanlagen<\/li>\n<li>Elektroakustikanlagen (ELA)<\/li>\n<li>B\u00fchnentechnikanlagen<\/li>\n<li>EDV-Anlagen,<\/li>\n<li>Antennenanlagen<\/li>\n<li>Netzplanung, LAN\/WLAN<\/li>\n<li>Videoanlagen<\/li>\n<li>Zugangskontroll- \/ Zeiterfassungsanlagen<\/li>\n<\/ul>\n","protected":false},"excerpt":{"rendered":"<p>Wir planten \u00fcber 27 Jahre im Bereich der Geb\u00e4udetechnik die komplette Elektroinstallation und projektieren unter anderem alle nachgenannten elektrotechnischen Anlagen: Mittelspannungsanlagen Niederspannungsanlagen Trafostationen Zentrale Geb\u00e4udeleittechnik Beleuchtungsanlagen Sicherheitstechnik (Einbruch- u. Gefahrenmeldeanlagen) Sicherheitsbeleuchtungsanlagen Netzersatzanlagen Lichtrufanlagen Fernmeldeanlagen Sprechanlagen Brandmeldeanlagen (BMA) Erdungs- u. Blitzschutzanlagen Elektroakustikanlagen (ELA) B\u00fchnentechnikanlagen EDV-Anlagen, Antennenanlagen Netzplanung, LAN\/WLAN Videoanlagen Zugangskontroll- \/ Zeiterfassungsanlagen<\/p>\n","protected":false},"author":1,"featured_media":0,"parent":0,"menu_order":2,"comment_status":"closed","ping_status":"closed","template":"","meta":{"footnotes":""},"class_list":["post-2","page","type-page","status-publish","hentry"],"_links":{"self":[{"href":"http:\/\/www.patalla.de\/index.php?rest_route=\/wp\/v2\/pages\/2","targetHints":{"allow":["GET"]}}],"collection":[{"href":"http:\/\/www.patalla.de\/index.php?rest_route=\/wp\/v2\/pages"}],"about":[{"href":"http:\/\/www.patalla.de\/index.php?rest_route=\/wp\/v2\/types\/page"}],"author":[{"embeddable":true,"href":"http:\/\/www.patalla.de\/index.php?rest_route=\/wp\/v2\/users\/1"}],"replies":[{"embeddable":true,"href":"http:\/\/www.patalla.de\/index.php?rest_route=%2Fwp%2Fv2%2Fcomments&post=2"}],"version-history":[{"count":30,"href":"http:\/\/www.patalla.de\/index.php?rest_route=\/wp\/v2\/pages\/2\/revisions"}],"predecessor-version":[{"id":390,"href":"http:\/\/www.patalla.de\/index.php?rest_route=\/wp\/v2\/pages\/2\/revisions\/390"}],"wp:attachment":[{"href":"http:\/\/www.patalla.de\/index.php?rest_route=%2Fwp%2Fv2%2Fmedia&parent=2"}],"curies":[{"name":"wp","href":"https:\/\/api.w.org\/{rel}","templated":true}]}}