{"id":204,"date":"2010-04-01T10:54:06","date_gmt":"2010-04-01T09:54:06","guid":{"rendered":"http:\/\/www.patalla.de\/wordpress\/?page_id=204"},"modified":"2019-04-01T05:18:53","modified_gmt":"2019-04-01T03:18:53","slug":"erste-seite","status":"publish","type":"page","link":"http:\/\/www.patalla.de\/","title":{"rendered":"Home"},"content":{"rendered":"<h3><strong>Diese Website wird nur noch als &#8222;Archiv&#8220; aufrechterhalten um zu zeigen, was ich in den letzten 25 Jahren gemacht habe. <\/strong><\/h3>\n<h3><strong>I<\/strong>ch habe mein B\u00fcro geschlossen und stehe f\u00fcr keine Arbeiten mehr zur Verf\u00fcgung.<\/h3>\n<h3>Mein Lebensmittelpunkt habe ich nach Spanien, ins Mittelmeer und auf die Barfu\u00dfroute* verlagert.<\/h3>\n<h3>Mein neuer Beruf: \u00a0 Skipper<\/h3>\n<h3>Ich befinde mich zur Zeit ALLEIN auf einer Weltumsegelung auf meiner Segelyacht FAULE HAUT.<\/h3>\n<h3>Etappenweises Mitsegeln ist je nach Verf\u00fcgbarkeit nahezu jederzeit m\u00f6glich.<\/h3>\n<h3>F\u00fcr mehr Info siehe:<\/h3>\n<h3><a href=\"http:\/\/www.faule-haut.de\" target=\"_blank\">www.faule-haut.de<\/a><\/h3>\n<h3>Freundliche Gr\u00fc\u00dfe<\/h3>\n<h3>Ingo Patalla<\/h3>\n<p><a href=\"https:\/\/de.wikipedia.org\/wiki\/Barfu%C3%9Froute\" target=\"_blank\">*Barfu\u00dfroute: siehe Wikipedia &#8211; klick hier<\/a><\/p>\n<p>&nbsp;<\/p>\n<p>&nbsp;<\/p>\n<p>&nbsp;<\/p>\n<p><strong><br \/>\n<\/strong><\/p>\n","protected":false},"excerpt":{"rendered":"<p>Diese Website wird nur noch als &#8222;Archiv&#8220; aufrechterhalten um zu zeigen, was ich in den letzten 25 Jahren gemacht habe. Ich habe mein B\u00fcro geschlossen und stehe f\u00fcr keine Arbeiten mehr zur Verf\u00fcgung. Mein Lebensmittelpunkt habe ich nach Spanien, ins Mittelmeer und auf die Barfu\u00dfroute* verlagert. Mein neuer Beruf: \u00a0 Skipper Ich befinde mich zur [&hellip;]<\/p>\n","protected":false},"author":1,"featured_media":0,"parent":0,"menu_order":0,"comment_status":"open","ping_status":"open","template":"","meta":{"footnotes":""},"class_list":["post-204","page","type-page","status-publish","hentry"],"_links":{"self":[{"href":"http:\/\/www.patalla.de\/index.php?rest_route=\/wp\/v2\/pages\/204","targetHints":{"allow":["GET"]}}],"collection":[{"href":"http:\/\/www.patalla.de\/index.php?rest_route=\/wp\/v2\/pages"}],"about":[{"href":"http:\/\/www.patalla.de\/index.php?rest_route=\/wp\/v2\/types\/page"}],"author":[{"embeddable":true,"href":"http:\/\/www.patalla.de\/index.php?rest_route=\/wp\/v2\/users\/1"}],"replies":[{"embeddable":true,"href":"http:\/\/www.patalla.de\/index.php?rest_route=%2Fwp%2Fv2%2Fcomments&post=204"}],"version-history":[{"count":24,"href":"http:\/\/www.patalla.de\/index.php?rest_route=\/wp\/v2\/pages\/204\/revisions"}],"predecessor-version":[{"id":403,"href":"http:\/\/www.patalla.de\/index.php?rest_route=\/wp\/v2\/pages\/204\/revisions\/403"}],"wp:attachment":[{"href":"http:\/\/www.patalla.de\/index.php?rest_route=%2Fwp%2Fv2%2Fmedia&parent=204"}],"curies":[{"name":"wp","href":"https:\/\/api.w.org\/{rel}","templated":true}]}}