{"id":5,"date":"2010-03-30T20:13:36","date_gmt":"2010-03-30T18:13:36","guid":{"rendered":"http:\/\/www.patalla.de\/wordpress\/?page_id=5"},"modified":"2010-04-01T19:37:51","modified_gmt":"2010-04-01T18:37:51","slug":"seite-2","status":"publish","type":"page","link":"http:\/\/www.patalla.de\/?page_id=5","title":{"rendered":"Realisierte Projekte"},"content":{"rendered":"<p><strong>Wir k\u00f6nnen zur\u00fcckblicken auf die Planung von:<\/strong><\/p>\n<ul>\n<li>Industrie-, Lager-, K\u00fchl- und Verkaufshallen<\/li>\n<li>Fabrikations- und Produktionshallen<\/li>\n<li>Gro\u00dfdruckereien<\/li>\n<li>Autopflegezentren, Autowaschanlagen,      \u00a0Autoh\u00e4user<\/li>\n<li>Verwaltungs-, Bank- und      B\u00fcrogeb\u00e4ude,<\/li>\n<li>Institute, Schulungszentren<\/li>\n<li>Transformatorenstationen<\/li>\n<li>Wohn- und      Gesch\u00e4ftsh\u00e4user<\/li>\n<li>behindertengerechtes Wohnen,      Behindertenwerkst\u00e4tten<\/li>\n<li>Kinder- und Jugendheime<\/li>\n<li>Gro\u00dfk\u00fcchen<\/li>\n<li>Alten- und Pflegeheime,      Rehabilitationseinrichtungen<\/li>\n<li>staatliche und kommunale      Bauvorhaben wie\n<ul>\n<li> Schulen, Kinderg\u00e4rten<\/li>\n<li>Stadthallen, B\u00fcrgerh\u00e4user, Museen<\/li>\n<li>Sporthallen, Hallenb\u00e4der, Mehrzweckhallen<\/li>\n<li>Kl\u00e4rwerke, Feuerwehrh\u00e4user,      Recyclinganlagen<\/li>\n<\/ul>\n<\/li>\n<\/ul>\n","protected":false},"excerpt":{"rendered":"<p>Wir k\u00f6nnen zur\u00fcckblicken auf die Planung von: Industrie-, Lager-, K\u00fchl- und Verkaufshallen Fabrikations- und Produktionshallen Gro\u00dfdruckereien Autopflegezentren, Autowaschanlagen, \u00a0Autoh\u00e4user Verwaltungs-, Bank- und B\u00fcrogeb\u00e4ude, Institute, Schulungszentren Transformatorenstationen Wohn- und Gesch\u00e4ftsh\u00e4user behindertengerechtes Wohnen, Behindertenwerkst\u00e4tten Kinder- und Jugendheime Gro\u00dfk\u00fcchen Alten- und Pflegeheime, Rehabilitationseinrichtungen staatliche und kommunale Bauvorhaben wie Schulen, Kinderg\u00e4rten Stadthallen, B\u00fcrgerh\u00e4user, Museen Sporthallen, Hallenb\u00e4der, Mehrzweckhallen Kl\u00e4rwerke, Feuerwehrh\u00e4user, [&hellip;]<\/p>\n","protected":false},"author":1,"featured_media":0,"parent":0,"menu_order":4,"comment_status":"open","ping_status":"open","template":"","meta":{"footnotes":""},"class_list":["post-5","page","type-page","status-publish","hentry"],"_links":{"self":[{"href":"http:\/\/www.patalla.de\/index.php?rest_route=\/wp\/v2\/pages\/5","targetHints":{"allow":["GET"]}}],"collection":[{"href":"http:\/\/www.patalla.de\/index.php?rest_route=\/wp\/v2\/pages"}],"about":[{"href":"http:\/\/www.patalla.de\/index.php?rest_route=\/wp\/v2\/types\/page"}],"author":[{"embeddable":true,"href":"http:\/\/www.patalla.de\/index.php?rest_route=\/wp\/v2\/users\/1"}],"replies":[{"embeddable":true,"href":"http:\/\/www.patalla.de\/index.php?rest_route=%2Fwp%2Fv2%2Fcomments&post=5"}],"version-history":[{"count":12,"href":"http:\/\/www.patalla.de\/index.php?rest_route=\/wp\/v2\/pages\/5\/revisions"}],"predecessor-version":[{"id":7,"href":"http:\/\/www.patalla.de\/index.php?rest_route=\/wp\/v2\/pages\/5\/revisions\/7"}],"wp:attachment":[{"href":"http:\/\/www.patalla.de\/index.php?rest_route=%2Fwp%2Fv2%2Fmedia&parent=5"}],"curies":[{"name":"wp","href":"https:\/\/api.w.org\/{rel}","templated":true}]}}